{"id":219,"date":"2023-12-05T19:58:59","date_gmt":"2023-12-05T19:58:59","guid":{"rendered":"https:\/\/smartclinic.forskning.eu\/about-the-project\/"},"modified":"2025-02-17T10:45:54","modified_gmt":"2025-02-17T10:45:54","slug":"about-the-project","status":"publish","type":"page","link":"https:\/\/smartclinic.forskning.eu\/en\/about-the-project\/","title":{"rendered":"About the project"},"content":{"rendered":"<link rel=\"stylesheet\" type=\"text\/css\" href=\"https:\/\/smartclinic.forskning.eu\/wp-content\/themes\/oak-theme\/dist\/template-parts\/blocks\/subsite-hero-page\/subsite-hero-page.css\">\n\t<section class=\"block block--subsite-hero-page spacing--none\">\n\t\t<div  class=\"subsite-hero-page\">\n\t\t\t\t<div class=\"subsite-hero-page__bg\">\n\t\t\t\t\t<img decoding=\"async\" src=\"https:\/\/smartclinic.forskning.eu\/wp-content\/themes\/oak-theme\/assets\/images\/placeholder.png\" data-src=\"https:\/\/smartclinic.forskning.eu\/wp-content\/uploads\/sites\/10\/2023\/10\/tablet-web-1024x574.webp\" data-srcset=\"https:\/\/smartclinic.forskning.eu\/wp-content\/uploads\/sites\/10\/2023\/10\/tablet-web-1024x574.webp 1024w, https:\/\/smartclinic.forskning.eu\/wp-content\/uploads\/sites\/10\/2023\/10\/tablet-web-300x168.webp 300w, https:\/\/smartclinic.forskning.eu\/wp-content\/uploads\/sites\/10\/2023\/10\/tablet-web-768x431.webp 768w, https:\/\/smartclinic.forskning.eu\/wp-content\/uploads\/sites\/10\/2023\/10\/tablet-web.webp 1280w\" sizes=\"(max-width: 100vw) 2000px, 2000px\" data-loading=\"lazy\" alt=\"\" \/>\n\t\t\t<\/div>\n\t<div class=\"subsite-hero-page__container\">\n\t\t<div class=\"grid\">\n\t\t\t<div class=\"col-md-8 col-xl-5 offset-xl-1\">\n\t\t\t\t<h1 class=\"subsite-hero-page__title\">\n\t\t\t\t\tSmartClinic\n\t\t\t\t<\/h1>\n\t\t\t<\/div>\n\n\t\t\t<div class=\"col-md-8 col-xl-5 offset-xl-1\">\n\t\t\t\t<p class=\"subsite-hero-page__excerpt\">\n\t\t\t\t\tP\u00e5 tv\u00e6rs af programregionen ses en stigning i antallet af patienter med kronisk sygdom, som optager op mod 80% af sundhedsv\u00e6senets ressourcer og skaber forl\u00e6ngede ventetider og behandlingsforl\u00f8b.\n\t\t\t\t<\/p>\n\t\t\t<\/div>\n\n\t\t\t\t\t\t\t<div class=\"col-xl-4 offset-xl-7\">\n\t\t\t\t\t<div class=\"subsite-hero-page__details\">\n\t\t\t\t\t\t<div class=\"details__program\">\n\t\t\t\t\t\t\t<strong>\n\t\t\t\t\t\t\t\tSupport program:\n\t\t\t\t\t\t\t<\/strong>\n\t\t\t\t\t\t\t<span>Interreg \u00d6resund-Kattegat-Skagerrak<\/span>\n\t\t\t\t\t\t<\/div>\n\t\t\t\t\t\t<div class=\"details__duration\">\n\t\t\t\t\t\t\t<strong>\n\t\t\t\t\t\t\t\tProject duration:\n\t\t\t\t\t\t\t<\/strong>\n\t\t\t\t\t\t\t<span>01.09.2023 &#8211; 30.08.2026<\/span>\n\t\t\t\t\t\t<\/div>\n\t\t\t\t\t\t<div class=\"details__budget\">\n\t\t\t\t\t\t\t<strong>\n\t\t\t\t\t\t\t\tProject budget:\n\t\t\t\t\t\t\t<\/strong>\n\t\t\t\t\t\t\t<span>16.231.889 DKK<\/span>\n\t\t\t\t\t\t<\/div>\n\t\t\t\t\t<\/div>\n\t\t\t\t<\/div>\n\t\t\t\t\t<\/div>\n\t<\/div>\n\t\t<\/div>\n\t<\/section>\n<link rel=\"stylesheet\" type=\"text\/css\" href=\"https:\/\/smartclinic.forskning.eu\/wp-content\/themes\/oak-theme\/dist\/template-parts\/blocks\/paragraph\/paragraph.css\">\n\t<section class=\"block block--paragraph spacing--none\">\n\t\t<div  class=\"paragraph\">\n\t\t\t\t\t\t\t<div class=\"grid \">\n\t\t\t\t\t\t<div class=\"col-lg-6 offset-lg-3\">\n\t\t<p>Today, the procedure is for patients with a chronic illness to attend regular check-ups in the healthcare system\u2014even during periods when the patients are stable and not experiencing outbreaks of the illness. It strains the capacity of the healthcare system and creates limited flexibility when a patient needs urgent treatment. The waiting time experienced by acute patients increases sick leave and can worsen the illness.<\/p>\n<p>Therefore, there&#8217;s a need to rethink outpatient care pathways (meaning treatment and monitoring without hospitalization). It can be achieved by using health technology to ensure proper patient monitoring and freeing up time at the hospital, enabling acute patients to be treated within a shorter timeframe.<\/p>\n<p>The project&#8217;s purpose is to develop a generic model for digitized treatment pathways for patients with chronic illnesses. In the SmartClinic project, the focus is on using the chronic gastrointestinal condition (Inflammatory Bowel Disease, known as IBD) as a case study to develop and test a model for digitized treatment pathways, aiming to eventually apply it to other medical specialties dealing with chronic illnesses. In the project, a model for an outpatient SmartClinic is being developed and tested, comprising two treatment pathways: a Clinic Online and a Clinic on Demand.<\/p>\n<p>The four project partners in Denmark and Sweden consist of:<\/p>\n<p>Zealand University Hospital, Visikon, Sk\u00e5ne University Hospital, and the School of Business, Economics and Law at the University of Gothenburg. The partners aim to collectively develop a generic model for outpatient monitoring and treatment of patients with chronic illnesses.<\/p>\n<p>The generic model combines self-monitoring with advanced digital technology and online monitoring with more efficient acute treatment in the clinic, utilizing health technology in a novel way. The solution is being developed in collaboration with patients within a user-inclusive setup.<\/p>\n<p>&nbsp;<\/p>\n\n\t<\/div>\n\t\t\t\t<\/div>\n\t\t\t\t\t<\/div>\n\t<\/section>\n<link rel=\"stylesheet\" type=\"text\/css\" href=\"https:\/\/smartclinic.forskning.eu\/wp-content\/themes\/oak-theme\/dist\/template-parts\/blocks\/subsite-goals\/subsite-goals.css\">\n\t<section class=\"block block--subsite-goals spacing--none\">\n\t\t<div  class=\"subsite-goals\">\n\t\t\t\t<div class=\"grid\">\n\t\t<div class=\"col-12\">\n\t\t\t<div class=\"goals--content\">\n\t\t\t\t<h2>\n\t\t\t\t\tForm\u00e5l med projekt SmartClinic\n\t\t\t\t<\/h2>\n\t\t\t\t<p>\n\t\t\t\t\t\n\t\t\t\t<\/p>\n\t\t\t<\/div>\n\t\t<\/div>\n\t\t<div class=\"col-12 col-lg-10 offset-lg-1\">\n\t\t\t<div class=\"goals\">\n\t\t\t\t\t\t\t\t\t<a href=\"\/\" class=\"goal\">\n\t\t\t\t\t\t<div class=\"goal--icon\">\n\t\t\t\t\t\t\t<img  \/>\n\t\t\t\t\t\t<\/div>\n\t\t\t\t\t\t<div class=\"goal--content\">\n\t\t\t\t\t\t\t<h3>\n\t\t\t\t\t\t\t\tGenerisk model\n\t\t\t\t\t\t\t<\/h3>\n\t\t\t\t\t\t\t<p>\n\t\t\t\t\t\t\t\t Developing a generic model for digitized treatment pathways for patients with chronic illnesses.\n\t\t\t\t\t\t\t<\/p>\n\t\t\t\t\t\t\t\t\t\t\t\t\t<\/div>\n\t\t\t\t\t<\/a>\n\t\t\t\t\t\t\t\t\t<a href=\"\/\" class=\"goal\">\n\t\t\t\t\t\t<div class=\"goal--icon\">\n\t\t\t\t\t\t\t<img  \/>\n\t\t\t\t\t\t<\/div>\n\t\t\t\t\t\t<div class=\"goal--content\">\n\t\t\t\t\t\t\t<h3>\n\t\t\t\t\t\t\t\tSundhedsteknologi\n\t\t\t\t\t\t\t<\/h3>\n\t\t\t\t\t\t\t<p>\n\t\t\t\t\t\t\t\tIncreased focus on health technologies that can streamline treatment.\n\t\t\t\t\t\t\t<\/p>\n\t\t\t\t\t\t\t\t\t\t\t\t\t<\/div>\n\t\t\t\t\t<\/a>\n\t\t\t\t\t\t\t\t\t<a href=\"\/\" class=\"goal\">\n\t\t\t\t\t\t<div class=\"goal--icon\">\n\t\t\t\t\t\t\t<img  \/>\n\t\t\t\t\t\t<\/div>\n\t\t\t\t\t\t<div class=\"goal--content\">\n\t\t\t\t\t\t\t<h3>\n\t\t\t\t\t\t\t\tPrivat-offentlige samarbejder\n\t\t\t\t\t\t\t<\/h3>\n\t\t\t\t\t\t\t<p>\n\t\t\t\t\t\t\t\tDevelopment of new public-private collaborations that promote innovation in the program region.\n\t\t\t\t\t\t\t<\/p>\n\t\t\t\t\t\t\t\t\t\t\t\t\t<\/div>\n\t\t\t\t\t<\/a>\n\t\t\t\t\t\t\t<\/div>\n\t\t<\/div>\n\t<\/div>\n\t\t<\/div>\n\t<\/section>\n<link rel=\"stylesheet\" type=\"text\/css\" href=\"https:\/\/smartclinic.forskning.eu\/wp-content\/themes\/oak-theme\/dist\/template-parts\/blocks\/paragraph\/paragraph.css\">\n\t<section class=\"block block--paragraph spacing--none\">\n\t\t<div  class=\"paragraph\">\n\t\t\t\t\t\t\t<div class=\"grid \">\n\t\t\t\t\t\t<div class=\"col-lg-6 offset-lg-3\">\n\t\t\n\t<\/div>\n\t\t\t\t<\/div>\n\t\t\t\t\t<\/div>\n\t<\/section>\n","protected":false},"excerpt":{"rendered":"","protected":false},"author":4,"featured_media":0,"parent":0,"menu_order":0,"comment_status":"closed","ping_status":"closed","template":"","meta":{"_acf_changed":false,"footnotes":""},"class_list":["post-219","page","type-page","status-publish","hentry"],"acf":[],"_links":{"self":[{"href":"https:\/\/smartclinic.forskning.eu\/en\/wp-json\/wp\/v2\/pages\/219","targetHints":{"allow":["GET"]}}],"collection":[{"href":"https:\/\/smartclinic.forskning.eu\/en\/wp-json\/wp\/v2\/pages"}],"about":[{"href":"https:\/\/smartclinic.forskning.eu\/en\/wp-json\/wp\/v2\/types\/page"}],"author":[{"embeddable":true,"href":"https:\/\/smartclinic.forskning.eu\/en\/wp-json\/wp\/v2\/users\/4"}],"replies":[{"embeddable":true,"href":"https:\/\/smartclinic.forskning.eu\/en\/wp-json\/wp\/v2\/comments?post=219"}],"version-history":[{"count":7,"href":"https:\/\/smartclinic.forskning.eu\/en\/wp-json\/wp\/v2\/pages\/219\/revisions"}],"predecessor-version":[{"id":308,"href":"https:\/\/smartclinic.forskning.eu\/en\/wp-json\/wp\/v2\/pages\/219\/revisions\/308"}],"wp:attachment":[{"href":"https:\/\/smartclinic.forskning.eu\/en\/wp-json\/wp\/v2\/media?parent=219"}],"curies":[{"name":"wp","href":"https:\/\/api.w.org\/{rel}","templated":true}]}}